{"id":2019,"date":"2023-09-11T21:47:30","date_gmt":"2023-09-11T18:47:30","guid":{"rendered":"https:\/\/drsunaozdemir.com\/en\/?page_id=2019"},"modified":"2023-09-11T21:47:30","modified_gmt":"2023-09-11T18:47:30","slug":"menepoz","status":"publish","type":"page","link":"https:\/\/drsunaozdemir.com\/en\/menepoz\/","title":{"rendered":"MENEPOZ"},"content":{"rendered":"<section class=\"wpb-content-wrapper\"><p>[vc_row][vc_column][vc_column_text]<strong>Menopoz Nedir?<\/strong><\/p>\n<p>Menopoz, yumurtal\u0131k fonksiyonunun kayb\u0131na ba\u011fl\u0131 olarak ortaya \u00e7\u0131kan adet kanamalar\u0131n\u0131n kal\u0131c\u0131 bir \u015fekilde kesilmesidir. Amerika Birle\u015fik Devletleri\u2019nde do\u011fal menopoz i\u00e7in ortalama ya\u015f 51 ve 52 ya\u015flar\u0131d\u0131r. Kad\u0131nlar s\u0131n\u0131rl\u0131 say\u0131da yumurta h\u00fccresi ile do\u011farlar ve do\u011fumla birlikte yumurta h\u00fccre say\u0131lar\u0131 giderek azalmaya ba\u015flar. Yumurtlamayla birlikte olan yumurta h\u00fccresi kayb\u0131 g\u00f6rece k\u00fc\u00e7\u00fck olsa da ya\u015fla birlikte yumurta h\u00fccreleri s\u00fcrekli bir \u015fekilde kayba u\u011frayarak say\u0131lar\u0131 azal\u0131r.<\/p>\n<p><strong>Menopoza yol a\u00e7an fakt\u00f6rler nelerdir?<\/strong><\/p>\n<p>Do\u011fal menopoz fizyolojik bir s\u00fcre\u00e7tir ve ya\u015flanan bir kad\u0131n i\u00e7in ka\u00e7\u0131n\u0131lmazd\u0131r. Ya\u015fla birlikte yumurtalar\u0131n say\u0131s\u0131n\u0131n azalmas\u0131 do\u011fal menopoz ile sonu\u00e7lan\u0131r. Yumurtal\u0131klardaki yumurta say\u0131s\u0131 giderek azald\u0131k\u00e7a \u00f6strojen \u00fcretimi azalmaya ba\u015flar. En son olarak da \u00f6strojen seviyeleri rahim i\u00e7 zar\u0131n\u0131n olgunla\u015fmas\u0131 ve bunu takip eden adetlerin ger\u00e7ekle\u015fmesi i\u00e7in yetersiz kal\u0131r.[\/vc_column_text][\/vc_column][\/vc_row]<\/p>\n<\/section>","protected":false},"excerpt":{"rendered":"<p>[vc_row][vc_column][vc_column_text]Menopoz Nedir? Menopoz, yumurtal\u0131k fonksiyonunun kayb\u0131na ba\u011fl\u0131 olarak ortaya \u00e7\u0131kan adet kanamalar\u0131n\u0131n kal\u0131c\u0131 bir \u015fekilde kesilmesidir. Amerika Birle\u015fik Devletleri\u2019nde do\u011fal menopoz i\u00e7in ortalama ya\u015f 51 ve 52 ya\u015flar\u0131d\u0131r. Kad\u0131nlar s\u0131n\u0131rl\u0131 say\u0131da yumurta h\u00fccresi ile do\u011farlar ve do\u011fumla birlikte yumurta h\u00fccre say\u0131lar\u0131 giderek azalmaya ba\u015flar. Yumurtlamayla birlikte olan yumurta h\u00fccresi kayb\u0131 g\u00f6rece k\u00fc\u00e7\u00fck olsa da ya\u015fla&hellip;<\/p>\n","protected":false},"author":1,"featured_media":0,"parent":0,"menu_order":0,"comment_status":"closed","ping_status":"closed","template":"","meta":[],"_links":{"self":[{"href":"https:\/\/drsunaozdemir.com\/en\/wp-json\/wp\/v2\/pages\/2019"}],"collection":[{"href":"https:\/\/drsunaozdemir.com\/en\/wp-json\/wp\/v2\/pages"}],"about":[{"href":"https:\/\/drsunaozdemir.com\/en\/wp-json\/wp\/v2\/types\/page"}],"author":[{"embeddable":true,"href":"https:\/\/drsunaozdemir.com\/en\/wp-json\/wp\/v2\/users\/1"}],"replies":[{"embeddable":true,"href":"https:\/\/drsunaozdemir.com\/en\/wp-json\/wp\/v2\/comments?post=2019"}],"version-history":[{"count":1,"href":"https:\/\/drsunaozdemir.com\/en\/wp-json\/wp\/v2\/pages\/2019\/revisions"}],"predecessor-version":[{"id":2020,"href":"https:\/\/drsunaozdemir.com\/en\/wp-json\/wp\/v2\/pages\/2019\/revisions\/2020"}],"wp:attachment":[{"href":"https:\/\/drsunaozdemir.com\/en\/wp-json\/wp\/v2\/media?parent=2019"}],"curies":[{"name":"wp","href":"https:\/\/api.w.org\/{rel}","templated":true}]}}