{"id":2017,"date":"2023-09-11T21:46:03","date_gmt":"2023-09-11T18:46:03","guid":{"rendered":"https:\/\/drsunaozdemir.com\/en\/?page_id=2017"},"modified":"2023-09-11T21:46:03","modified_gmt":"2023-09-11T18:46:03","slug":"infertilite","status":"publish","type":"page","link":"https:\/\/drsunaozdemir.com\/en\/infertilite\/","title":{"rendered":"\u0130NFERT\u0130L\u0130TE"},"content":{"rendered":"<section class=\"wpb-content-wrapper\"><p>[vc_row][vc_column][vc_column_text]<strong>\u0130NFERT\u0130L\u0130TE (KISIRLIK) TANIMI<\/strong><\/p>\n<p>Bir y\u0131l s\u00fcre ile korunmas\u0131z cinsel ili\u015fkilere ra\u011fmen gebelik elde edile\u00admemi\u015f olmas\u0131 k\u0131s\u0131rl\u0131k olarak tan\u0131mlanmaktad\u0131r. Yayg\u0131n ve \u00f6nemli bir sa\u011fl\u0131k sorunudur. D\u00fcnyada gebelik hedefleyen \u00e7iftlerin yakla\u015f\u0131k %10-15\u2019i infertildir.<\/p>\n<p>\u0130nfertilite kad\u0131n veya erkek kaynakl\u0131 olabilir. Kad\u0131n kaynakl\u0131 nedenler en \u00e7ok yumurtlama bozuklu\u011fu ve t\u00fcplerin t\u0131kan\u0131kl\u0131\u011f\u0131d\u0131r. Erkeklerde ise genellikle sperm say\u0131s\u0131 ve hareketi, yap\u0131sal bozukluklar\u0131 k\u0131s\u0131rl\u0131\u011fa neden olmaktad\u0131r. Ancak %15-20 olguda herhangi bir neden bulunamamakta ve bu durum \u201ca\u00e7\u0131klanmayan k\u0131s\u0131rl\u0131k\u201d olarak de\u011ferlendirilmektedir. \u0130nfertilite genellikle 2 alt gruba ayr\u0131l\u0131r.<\/p>\n<p>Primer infertilite: Daha \u00f6nce hi\u00e7 gebeli\u011fi olmayan \u00e7iftleri kapsa\u00admaktad\u0131r.<\/p>\n<p>Sekonder infertilite: Daha \u00f6nce gebeli\u011fi olmu\u015f, ancak halen infer\u00adtil olan \u00e7iftleri tarif etmektedir.<\/p>\n<p>\u0130lerlemi\u015f do\u011furganl\u0131k ya\u015f\u0131nda (&gt;35) ve \u00f6zellikle de 40 ya\u015f\u0131n \u00fczerinde olan kad\u0131nlardaki infertilite oranlar\u0131 \u00e7ok daha y\u00fcksektir. 42 ya\u015f\u0131nda olan kad\u0131nlar\u0131n k\u0131s\u0131rl\u0131k tedavisi ba\u015far\u0131 oranlar\u0131 %1-2 gibi \u00e7ok d\u00fc\u015f\u00fck d\u00fczeylerdedir. Bu nedenle, ya\u015f\u0131 35\u2019in \u00fczerinde olan kad\u0131nlardaki k\u0131s\u0131rl\u0131k tan\u0131m\u0131 i\u00e7in gerekli olan gebe kalamama s\u00fcresi ancak 6 ayd\u0131r.<\/p>\n<p>\u0130nfertil (K\u0131s\u0131r) \u00c7iftler Nas\u0131l De\u011ferlendirilir?<\/p>\n<p>\u00d6ncelikle hem kad\u0131n hem de erke\u011fin ayr\u0131nt\u0131l\u0131 \u00f6yk\u00fcs\u00fc al\u0131nmal\u0131d\u0131r. Kad\u0131nlar i\u00e7in kilo,boy, kullan\u0131lan ila\u00e7lar, sistemik hastal\u0131klar, adet d\u00fczeni, korunma hikayesi (ili\u015fki sonras\u0131 vajinal du\u015f hikayesi vb), \u00f6nceki gebelikler ve sonu\u00e7lar\u0131, ge\u00e7irilmi\u015f cerrahi ve enfeksiyonlar sorgulanmal\u0131d\u0131r. Erkekler i\u00e7in, genel sa\u011fl\u0131k (egzersiz,sigara\u2026), ge\u00e7irilmi\u015f cerrahi ve enfeksiyonlar, ila\u00e7 ve tedaviler, ili\u015fki s\u0131kl\u0131\u011f\u0131, toksin maruziyeti ve inmemi\u015f testis ara\u015ft\u0131r\u0131lmal\u0131d\u0131r.<\/p>\n<p>Daha sonra kad\u0131n muayene edilerek k\u0131s\u0131rl\u0131\u011f\u0131n sebebi hakk\u0131nda bir ipucu bulunmaya \u00e7al\u0131\u015f\u0131l\u0131r (\u00e7ok a\u011fr\u0131l\u0131 adetleri olan bir hastada endometriozis varl\u0131\u011f\u0131 ara\u015ft\u0131r\u0131lmas\u0131 gibi..). Laboratuar testleri olarak spermiogram (erkek fakt\u00f6r\u00fc), hormon testleri (yumurtlama ve yumurtal\u0131k rezervi de\u011ferlendirmesi) ve rahim filmi (pelvik fakt\u00f6r) ilk olarak istenmelidir<\/p>\n<p><strong>Sayfa i\u00e7eri\u011fi sadece bilgilendirme ama\u00e7l\u0131d\u0131r, tan\u0131 ve tedavi i\u00e7in mutlaka doktorunuza ba\u015fvurunuz.<\/strong><\/p>\n<p><strong>\u0130\u00e7erik G\u00fcncelleme Tarihi : 26.12.2022<\/strong>[\/vc_column_text][\/vc_column][\/vc_row]<\/p>\n<\/section>","protected":false},"excerpt":{"rendered":"<p>[vc_row][vc_column][vc_column_text]\u0130NFERT\u0130L\u0130TE (KISIRLIK) TANIMI Bir y\u0131l s\u00fcre ile korunmas\u0131z cinsel ili\u015fkilere ra\u011fmen gebelik elde edile\u00admemi\u015f olmas\u0131 k\u0131s\u0131rl\u0131k olarak tan\u0131mlanmaktad\u0131r. Yayg\u0131n ve \u00f6nemli bir sa\u011fl\u0131k sorunudur. D\u00fcnyada gebelik hedefleyen \u00e7iftlerin yakla\u015f\u0131k %10-15\u2019i infertildir. \u0130nfertilite kad\u0131n veya erkek kaynakl\u0131 olabilir. Kad\u0131n kaynakl\u0131 nedenler en \u00e7ok yumurtlama bozuklu\u011fu ve t\u00fcplerin t\u0131kan\u0131kl\u0131\u011f\u0131d\u0131r. Erkeklerde ise genellikle sperm say\u0131s\u0131 ve hareketi, yap\u0131sal&hellip;<\/p>\n","protected":false},"author":1,"featured_media":0,"parent":0,"menu_order":0,"comment_status":"closed","ping_status":"closed","template":"","meta":[],"_links":{"self":[{"href":"https:\/\/drsunaozdemir.com\/en\/wp-json\/wp\/v2\/pages\/2017"}],"collection":[{"href":"https:\/\/drsunaozdemir.com\/en\/wp-json\/wp\/v2\/pages"}],"about":[{"href":"https:\/\/drsunaozdemir.com\/en\/wp-json\/wp\/v2\/types\/page"}],"author":[{"embeddable":true,"href":"https:\/\/drsunaozdemir.com\/en\/wp-json\/wp\/v2\/users\/1"}],"replies":[{"embeddable":true,"href":"https:\/\/drsunaozdemir.com\/en\/wp-json\/wp\/v2\/comments?post=2017"}],"version-history":[{"count":1,"href":"https:\/\/drsunaozdemir.com\/en\/wp-json\/wp\/v2\/pages\/2017\/revisions"}],"predecessor-version":[{"id":2018,"href":"https:\/\/drsunaozdemir.com\/en\/wp-json\/wp\/v2\/pages\/2017\/revisions\/2018"}],"wp:attachment":[{"href":"https:\/\/drsunaozdemir.com\/en\/wp-json\/wp\/v2\/media?parent=2017"}],"curies":[{"name":"wp","href":"https:\/\/api.w.org\/{rel}","templated":true}]}}