{"id":2015,"date":"2023-09-11T21:44:13","date_gmt":"2023-09-11T18:44:13","guid":{"rendered":"https:\/\/drsunaozdemir.com\/en\/?page_id=2015"},"modified":"2023-09-11T21:44:13","modified_gmt":"2023-09-11T18:44:13","slug":"histeroskopi","status":"publish","type":"page","link":"https:\/\/drsunaozdemir.com\/en\/histeroskopi\/","title":{"rendered":"H\u0130STEROSKOP\u0130"},"content":{"rendered":"<section class=\"wpb-content-wrapper\"><p>[vc_row][vc_column][vc_column_text]Histeroskopi , rahim i\u00e7i , serviks a\u011fz\u0131 ve vaginan\u0131n teleskopla g\u00f6r\u00fcnt\u00fclenmesi i\u015flemidir. \u0130\u015flem s\u0131ras\u0131nda rahim i\u00e7ine gaz yada s\u0131v\u0131 verilebilir.<\/p>\n<p>Polip,myom gibi rahimde yer kaplayan lezyonlar\u0131n al\u0131nmas\u0131 ,anormal uterin kanamada tan\u0131 konulmas\u0131, gerekli g\u00f6r\u00fcl\u00fcrse t\u00fcp bebek tedavisi \u00f6ncesi veya ba\u015far\u0131s\u0131z tedaviler sonras\u0131nda kavite i\u00e7ini g\u00f6rmek ama\u00e7l\u0131 , rahimde daha \u00f6nceki i\u015flemlerin sonucu olan rahim i\u00e7i yap\u0131\u015f\u0131kl\u0131klar\u0131n a\u00e7\u0131lmas\u0131, ipi kopan rahim i\u00e7i ara\u00e7 gibi yabanc\u0131 cisimlerin \u00e7\u0131kar\u0131lmas\u0131, rahimin do\u011fu\u015ftan olan anomalileri , gebelik \u00fcr\u00fcnlerinin retansiyonu, postmenopozal kanamalarda histeroskopi i\u015flemini kullanabiliriz.<\/p>\n<p>Histeroskopi ile yap\u0131lan operasyonlar:<\/p>\n<p>D\u00fczensiz adet kanamalar\u0131<\/p>\n<p>Menopoz sonras\u0131 kanamalar<\/p>\n<p>\u0130pi i\u00e7eri ka\u00e7m\u0131\u015f spiralin \u00e7\u0131kar\u0131lmas\u0131<\/p>\n<p>K\u0131s\u0131rl\u0131k (infertilite) tedavisi \u00f6ncesi ara\u015ft\u0131rma ama\u00e7l\u0131<\/p>\n<p>Tekrarlayan d\u00fc\u015f\u00fckler<\/p>\n<p>Daha \u00f6nce \u00e7ekilen rahim filminde (histerosalpingografi [HSG]) \u015f\u00fcpheli durumlar (polip, myom,yap\u0131\u015f\u0131kl\u0131k, perde\u2026)<\/p>\n<p>G\u00fcn\u00fcbirlik yap\u0131lan bir i\u015flem oldu\u011fu i\u00e7in hasta ayn\u0131 g\u00fcn taburcu olur, yemek yiyebilir, ertesi g\u00fcn i\u015fine gidebilir.<\/p>\n<p>Tecr\u00fcbeli hekimler taraf\u0131ndan uyguland\u0131\u011f\u0131nda, histeroskopik y\u00f6ntemle \u00e7ok say\u0131da jinekolojik probleme tan\u0131 konulur ve k\u0131sa s\u00fcrede uygun tedavi yap\u0131labilir.<\/p>\n<p><strong>\u0130\u00e7erik G\u00fcncelleme Tarihi : 26.12.2022<\/strong>[\/vc_column_text][\/vc_column][\/vc_row]<\/p>\n<\/section>","protected":false},"excerpt":{"rendered":"<p>[vc_row][vc_column][vc_column_text]Histeroskopi , rahim i\u00e7i , serviks a\u011fz\u0131 ve vaginan\u0131n teleskopla g\u00f6r\u00fcnt\u00fclenmesi i\u015flemidir. \u0130\u015flem s\u0131ras\u0131nda rahim i\u00e7ine gaz yada s\u0131v\u0131 verilebilir. Polip,myom gibi rahimde yer kaplayan lezyonlar\u0131n al\u0131nmas\u0131 ,anormal uterin kanamada tan\u0131 konulmas\u0131, gerekli g\u00f6r\u00fcl\u00fcrse t\u00fcp bebek tedavisi \u00f6ncesi veya ba\u015far\u0131s\u0131z tedaviler sonras\u0131nda kavite i\u00e7ini g\u00f6rmek ama\u00e7l\u0131 , rahimde daha \u00f6nceki i\u015flemlerin sonucu olan rahim i\u00e7i&hellip;<\/p>\n","protected":false},"author":1,"featured_media":0,"parent":0,"menu_order":0,"comment_status":"closed","ping_status":"closed","template":"","meta":[],"_links":{"self":[{"href":"https:\/\/drsunaozdemir.com\/en\/wp-json\/wp\/v2\/pages\/2015"}],"collection":[{"href":"https:\/\/drsunaozdemir.com\/en\/wp-json\/wp\/v2\/pages"}],"about":[{"href":"https:\/\/drsunaozdemir.com\/en\/wp-json\/wp\/v2\/types\/page"}],"author":[{"embeddable":true,"href":"https:\/\/drsunaozdemir.com\/en\/wp-json\/wp\/v2\/users\/1"}],"replies":[{"embeddable":true,"href":"https:\/\/drsunaozdemir.com\/en\/wp-json\/wp\/v2\/comments?post=2015"}],"version-history":[{"count":1,"href":"https:\/\/drsunaozdemir.com\/en\/wp-json\/wp\/v2\/pages\/2015\/revisions"}],"predecessor-version":[{"id":2016,"href":"https:\/\/drsunaozdemir.com\/en\/wp-json\/wp\/v2\/pages\/2015\/revisions\/2016"}],"wp:attachment":[{"href":"https:\/\/drsunaozdemir.com\/en\/wp-json\/wp\/v2\/media?parent=2015"}],"curies":[{"name":"wp","href":"https:\/\/api.w.org\/{rel}","templated":true}]}}