{"id":2013,"date":"2023-09-11T21:43:23","date_gmt":"2023-09-11T18:43:23","guid":{"rendered":"https:\/\/drsunaozdemir.com\/en\/?page_id=2013"},"modified":"2023-09-11T21:43:23","modified_gmt":"2023-09-11T18:43:23","slug":"laparoskopi","status":"publish","type":"page","link":"https:\/\/drsunaozdemir.com\/en\/laparoskopi\/","title":{"rendered":"LAPAROSKOP\u0130"},"content":{"rendered":"<section class=\"wpb-content-wrapper\"><p>[vc_row][vc_column][vc_column_text]Laparoskopi g\u00f6bekten ince bir kamera ile kar\u0131n i\u00e7erisini de\u011ferlendirdi\u011fimiz endoskopik bir y\u00f6ntemdir. Laparoskopi, ile pelvik organlar\u0131n g\u00f6r\u00fcnt\u00fclenmeinin yan\u0131nda, kar\u0131n yan duvar\u0131ndan i\u00e7eriye girilen ince aletlerle gerekli cerrahi i\u015fleminin yap\u0131lmas\u0131na da olanak sa\u011flar.<\/p>\n<p>G\u00f6bek deli\u011finden yap\u0131lan kesi 1cm, di\u011ferleri genellikle 0.5 cm\u2019dir. \u0130\u00e7eriye yakla\u015f\u0131k 3 litre CO2 gaz\u0131 verilerek \u015fi\u015firilir daha sonra teleskop yerle\u015ftirilir ve g\u00f6r\u00fcnt\u00fc bir monit\u00f6re aktar\u0131l\u0131r. Rahim anomalilerinin tan\u0131 ve tedavisinde, yumurtal\u0131k kistlerinde, t\u00fcplerle ilgili patolojilerde ve endometriozis tedavisinde laparoskopi k\u0131ymetlidir Deneyimli cerrah taraf\u0131ndan uyguland\u0131\u011f\u0131nda kar\u0131n a\u00e7\u0131larak yap\u0131lan jinekolojik ameliyatlar\u0131n %90\u2019\u0131ndan fazlas\u0131 laparoskopik olarak uygulanabilir.<\/p>\n<p><strong>Laparoskopik ile yap\u0131lan operasyonlar<\/strong><\/p>\n<p>\u2013 Tan\u0131sal Laparoskopi<\/p>\n<p>\u2013 T\u00fcp ba\u011flanmas\u0131<\/p>\n<p>\u2013 T\u00fcplerin cerrahisi<\/p>\n<p>\u2013 Ektopik gebelik<\/p>\n<p>\u2013 Rekonstruktif cerrahi (t\u00fcplerin a\u00e7\u0131lmas\u0131, yeniden \u015fekillendirilmesi)<\/p>\n<p>\u2013 T\u00fcplerin al\u0131nmas\u0131<\/p>\n<p>\u2013 Yap\u0131\u015f\u0131kl\u0131klar\u0131n a\u00e7\u0131lmas\u0131<\/p>\n<p>\u2013 Kronik pelvik a\u011fr\u0131<\/p>\n<p>\u2013 Endometriozis (Her evrede yap\u0131labilir)<\/p>\n<p>\u2013 Ovaryan kistektomi ve ooferektomi (yumurtal\u0131k al\u0131nmas\u0131 ve kist al\u0131nmas\u0131)<\/p>\n<p>\u2013 Myomektomi (myom al\u0131nmas\u0131)<\/p>\n<p>\u2013 Histerektomi (Rahim al\u0131nmas\u0131)<\/p>\n<p>\u2013 Rahim sarkmas\u0131 ve idrar ka\u00e7\u0131rma operasyonlar\u0131<\/p>\n<p>\u2013 Onkolojik operasyonlar<\/p>\n<p>&nbsp;<\/p>\n<p><strong>Sayfa i\u00e7eri\u011fi sadece bilgilendirme ama\u00e7l\u0131d\u0131r, tan\u0131 ve tedavi i\u00e7in mutlaka doktorunuza ba\u015fvurunuz.<\/strong><\/p>\n<p><strong>\u0130\u00e7erik G\u00fcncelleme Tarihi : 26.12.2022<\/strong>[\/vc_column_text][\/vc_column][\/vc_row]<\/p>\n<\/section>","protected":false},"excerpt":{"rendered":"<p>[vc_row][vc_column][vc_column_text]Laparoskopi g\u00f6bekten ince bir kamera ile kar\u0131n i\u00e7erisini de\u011ferlendirdi\u011fimiz endoskopik bir y\u00f6ntemdir. Laparoskopi, ile pelvik organlar\u0131n g\u00f6r\u00fcnt\u00fclenmeinin yan\u0131nda, kar\u0131n yan duvar\u0131ndan i\u00e7eriye girilen ince aletlerle gerekli cerrahi i\u015fleminin yap\u0131lmas\u0131na da olanak sa\u011flar. G\u00f6bek deli\u011finden yap\u0131lan kesi 1cm, di\u011ferleri genellikle 0.5 cm\u2019dir. \u0130\u00e7eriye yakla\u015f\u0131k 3 litre CO2 gaz\u0131 verilerek \u015fi\u015firilir daha sonra teleskop yerle\u015ftirilir ve g\u00f6r\u00fcnt\u00fc&hellip;<\/p>\n","protected":false},"author":1,"featured_media":0,"parent":0,"menu_order":0,"comment_status":"closed","ping_status":"closed","template":"","meta":[],"_links":{"self":[{"href":"https:\/\/drsunaozdemir.com\/en\/wp-json\/wp\/v2\/pages\/2013"}],"collection":[{"href":"https:\/\/drsunaozdemir.com\/en\/wp-json\/wp\/v2\/pages"}],"about":[{"href":"https:\/\/drsunaozdemir.com\/en\/wp-json\/wp\/v2\/types\/page"}],"author":[{"embeddable":true,"href":"https:\/\/drsunaozdemir.com\/en\/wp-json\/wp\/v2\/users\/1"}],"replies":[{"embeddable":true,"href":"https:\/\/drsunaozdemir.com\/en\/wp-json\/wp\/v2\/comments?post=2013"}],"version-history":[{"count":1,"href":"https:\/\/drsunaozdemir.com\/en\/wp-json\/wp\/v2\/pages\/2013\/revisions"}],"predecessor-version":[{"id":2014,"href":"https:\/\/drsunaozdemir.com\/en\/wp-json\/wp\/v2\/pages\/2013\/revisions\/2014"}],"wp:attachment":[{"href":"https:\/\/drsunaozdemir.com\/en\/wp-json\/wp\/v2\/media?parent=2013"}],"curies":[{"name":"wp","href":"https:\/\/api.w.org\/{rel}","templated":true}]}}