{"id":2011,"date":"2023-09-11T21:39:35","date_gmt":"2023-09-11T18:39:35","guid":{"rendered":"https:\/\/drsunaozdemir.com\/en\/?page_id=2011"},"modified":"2023-09-11T21:39:47","modified_gmt":"2023-09-11T18:39:47","slug":"genital-estetik","status":"publish","type":"page","link":"https:\/\/drsunaozdemir.com\/en\/genital-estetik\/","title":{"rendered":"Genital Estetik"},"content":{"rendered":"<section class=\"wpb-content-wrapper\"><p>[vc_row][vc_column][vc_column_text]Kad\u0131nlar\u0131n cinsel organ esteti\u011fi ile ilgili s\u0131k olarak yak\u0131nd\u0131klar\u0131 iki sorundan birisi vajinal geni\u015flik, di\u011feri i\u00e7 dudaklar\u0131n b\u00fcy\u00fckl\u00fc\u011f\u00fcne ba\u011fl\u0131 sark\u0131k g\u00f6r\u00fcn\u00fcmd\u00fcr. Cinsellikte e\u015flerden birinin memnuniyetsizli\u011fi ikisinin sorunu haline gelir ve ili\u015fki kalitesini bozar. Ki\u015finin kendine duydu\u011fu \u00f6zg\u00fcven sa\u011fl\u0131kl\u0131 bir ili\u015fkinin en temel noktas\u0131d\u0131r. Bu sebeplerden \u00f6t\u00fcr\u00fc cinsel organ esteti\u011fi san\u0131landan daha \u00f6nemlidir.<\/p>\n<p>Cinsel organ\u0131n estetik g\u00f6r\u00fcnt\u00fcs\u00fcn\u00fcn iyile\u015ftirerek kad\u0131n\u0131n \u00f6zg\u00fcveninin artmas\u0131na, kendini iyi hissetmesine, cinsel ili\u015fkiden daha \u00e7ok zevk almas\u0131na yard\u0131mc\u0131 olan cerrahi operasyonlar ile kad\u0131nlar\u0131n mutsuzlu\u011funa yol a\u00e7an en b\u00fcy\u00fck sorun \u00e7\u00f6z\u00fclm\u00fc\u015f olmaktad\u0131r ve t\u00fcm kad\u0131nlar\u0131n kendini g\u00fczel hissetmektedir. .<\/p>\n<p><strong>Labioplasti (\u0130\u00e7 Dudak K\u00fc\u00e7\u00fcltme)<\/strong><\/p>\n<p>Vajinan\u0131n i\u00e7 dudaklar\u0131n\u0131n sarkmas\u0131(Labioplasti) \u00e7o\u011fu kad\u0131nda g\u00f6r\u00fclen sorunlardan biridir. Her kad\u0131n g\u00fczel ve estetik g\u00f6r\u00fcnmek ister ve genital estetik operasyonlar\u0131 da kad\u0131nlar\u0131n bu iste\u011fi do\u011frultusunda her ge\u00e7en g\u00fcn daha \u00e7ok talep g\u00f6rmektedir.<\/p>\n<p><strong>\u0130\u00e7 Dudak Yap\u0131s\u0131 Nas\u0131ld\u0131r?<\/strong><\/p>\n<p>Vajina i\u00e7 dudaklar\u0131 (labium minus) kad\u0131n cinsel organ\u0131nda k\u0131vr\u0131m \u015feklindeki yap\u0131lard\u0131r. \u0130\u00e7 dudak b\u00fcy\u00fckl\u00fc\u011f\u00fc herkeste farkl\u0131d\u0131r. Normalde ayakta duran bir kad\u0131nda bacaklar kapal\u0131yken i\u00e7 dudaklar d\u0131\u015f dudaklar\u0131n aras\u0131nda kal\u0131r, d\u0131\u015far\u0131 ta\u015fmaz.Baz\u0131 kad\u0131nlarda bu durum tek tarafl\u0131 olabilir ve asimetri yarat\u0131r. \u0130\u00e7 dudak derisinin rengi de farkl\u0131l\u0131klar g\u00f6sterebilir, \u00f6zellikle gebelikte koyula\u015fan i\u00e7 dudak rengi do\u011fum sonras\u0131 rahats\u0131zl\u0131k verici bir durum olu\u015fturabilir ve bu durumda estetik operasyon gereksinimi do\u011fabilir.<\/p>\n<p><strong>\u0130\u00e7 Dudak Sarkmas\u0131 Nelere Yol A\u00e7abilir?<\/strong><\/p>\n<p>T\u0131bbi olarak i\u00e7 dudaklar\u0131n normalden b\u00fcy\u00fck, sark\u0131k ya da asimetrik olmas\u0131 bu b\u00f6lgenin uzun s\u00fcre nemli kalmas\u0131na yol a\u00e7arak vajinit veya bartholin bezlerinin apsele\u015fmesine zemin haz\u0131rlar, bazen de normalden daha b\u00fcy\u00fck olan i\u00e7 dudaklar penisin vajinaya giri\u015fine engel olabilir ve a\u011fr\u0131l\u0131 cinsel ili\u015fkiye yol a\u00e7abilir. Adet zaman\u0131 pede yap\u0131\u015farak lokal travmalara, cinsel ili\u015fki esnas\u0131nda a\u011fr\u0131 ve ac\u0131ya sebep olabilir.<\/p>\n<p>\u0130\u00e7 Dudaklarda Yap\u0131sal De\u011fi\u015fim Sebepleri \u0130\u00e7 dudaklar ergenlik d\u00f6neminden sonra ortaya \u00e7\u0131kan h\u0131zl\u0131 hormonal de\u011fi\u015fimin etkisiyle baz\u0131 kad\u0131nlarda normalden daha b\u00fcy\u00fck, sark\u0131k ve k\u0131vr\u0131nt\u0131l\u0131 hale gelebilir. Tedavi edilmeyen, kronikle\u015fen vajinal enfeksiyonlarda bu yap\u0131sal de\u011fi\u015fime ve renk de\u011fi\u015fimine yol a\u00e7abilirler, baz\u0131 kad\u0131nlarda ise gebelikte i\u00e7 dudaklarda renk de\u011fi\u015fimi ortaya \u00e7\u0131kabilir.<\/p>\n<p><strong>Labioplasti Kimlere Yap\u0131l\u0131r?<\/strong><\/p>\n<p>Asl\u0131nda bu operasyon genital estetik kayg\u0131s\u0131 duyan t\u00fcm kad\u0131nlara uygulanabilir. Ayr\u0131ca bu operasyon do\u011fum yapm\u0131\u015f veya yapmam\u0131\u015f her kad\u0131nda uygulanabilir. Bu ameliyat orgazm\u0131 art\u0131rmaz ya da azaltmaz, labioplasti yap\u0131lan herkes ilerleyen zamanlarda gebe kalabilir, normal do\u011fum yapabilir.<\/p>\n<p><strong>\u0130\u00e7 Dudak K\u00fc\u00e7\u00fcltme Ameliyat\u0131 Nas\u0131l Yap\u0131l\u0131r?<\/strong><\/p>\n<p>Labioplasti operasyonu genellikle 30-40 dakika s\u00fcrer, genellikle adet bitimi d\u00f6nem operasyon i\u00e7in uygun bir d\u00f6nemdir. \u0130\u00e7 dudak k\u00fc\u00e7\u00fcltme operasyonu hastane ko\u015fullar\u0131nda yap\u0131lmas\u0131 gereken bir ameliyatt\u0131r. Operasyon sonras\u0131 ortalama bir haftal\u0131k dinlenme d\u00f6nemini takiben hastalar normal aktivitelerine d\u00f6nerler, cinsel ili\u015fki i\u00e7in yakla\u015f\u0131k 3-4 hafta beklenmelidir, i\u015flemden bir g\u00fcn sonra du\u015f al\u0131nabilir. Labioplasti ve vajen daraltma operasyonlar\u0131 birlikte s\u0131kl\u0131kla yapt\u0131\u011f\u0131m\u0131z operasyonlard\u0131r, ikisinin ayn\u0131 anda yap\u0131lmas\u0131 herhangi bir s\u0131k\u0131nt\u0131ya yol a\u00e7maz.<\/p>\n<p><strong>Vajina Daraltma (Vajinoplasti)<\/strong><\/p>\n<p>Kontrols\u00fcz normal do\u011fumlar sonras\u0131nda kar\u015f\u0131la\u015f\u0131lan vajinal y\u0131rt\u0131klar veya k\u00f6t\u00fc epizyotomi iyile\u015fmesine ba\u011fl\u0131 vajina yap\u0131s\u0131nda olu\u015fan kal\u0131c\u0131 hasarlar vajinada geni\u015flemeye ve gev\u015femelere yol a\u00e7ar. Vajina geni\u015flemesi normal do\u011fumlar\u0131n ard\u0131ndan olabilece\u011fi gibi ya\u015flanmaya ba\u011fl\u0131 veya bazen de do\u011fu\u015ftan olan vajina yap\u0131s\u0131ndan kaynaklanabilir. Vajina kaslar\u0131n\u0131n gev\u015femesi cinsel ili\u015fki s\u0131ras\u0131nda s\u0131k\u0131nt\u0131ya yol a\u00e7ar. Esneyerek eski haline d\u00f6nemeyen geni\u015flemi\u015f vajina ili\u015fki esnas\u0131nda penisi s\u0131k\u0131ca kavrayamaz, cinsel tatminsizli\u011fe neden olur.<\/p>\n<p>G\u00fcnl\u00fck aktiviteler ve ili\u015fki esnas\u0131nda vajinadan ses gelmesi s\u0131kl\u0131kla hastalar\u0131n\u0131n kendilerini e\u015flerine kar\u015f\u0131 k\u00f6t\u00fc hissetmelerine ve kendilerine g\u00fcvenlerini kaybetmelerine yol a\u00e7ar. T\u00fcm bu \u015fikayetleri olan kad\u0131nlarda vajinal daraltma operasyonlar\u0131 ile olduk\u00e7a iyi sonu\u00e7lar edilmektedir.<\/p>\n<p><strong>Vajinoplasti Nas\u0131l Yap\u0131l\u0131r?<\/strong><\/p>\n<p>Vajinoplasti ameliyat vajina geni\u015flemesi sonucu ortaya \u00e7\u0131kan \u015fikayetleri olan evli ya da bekar, \u00e7ocuk do\u011furmu\u015f ya da do\u011furmam\u0131\u015f her kad\u0131na iste\u011fi do\u011frultusunda yap\u0131labilir. Vajinoplasti ile birlikte labioplasti (i\u00e7 dudak k\u00fc\u00e7\u00fcltme) operasyonu en s\u0131k uygulanan kombinasyondur.<\/p>\n<p>Operasyon genellikle adet bitimi d\u00f6nemine denk getirilir, vajina daraltma ameliyat\u0131nda vajinan\u0131n geni\u015flemi\u015f arka duvar\u0131 ve yan duvarlar\u0131 \u00e7\u0131kart\u0131l\u0131p, gev\u015femi\u015f vajina \u00e7evresi kaslar s\u0131k\u0131la\u015ft\u0131r\u0131l\u0131r. Kesilmi\u015f olan kenarlar estetik bir \u015fekilde dikilir, optimal darl\u0131k iki parma\u011f\u0131n girebilece\u011fi kadar olmal\u0131d\u0131r.<\/p>\n<p><strong>Vajinoplasti Sonras\u0131 \u0130yile\u015fme D\u00f6nemi<\/strong><\/p>\n<p>Vajina daraltma ameliyat\u0131 ciddi riski olmayan bir i\u015flemdir. Genellikle operasyon sonras\u0131 hastalar\u0131m\u0131z yakla\u015f\u0131k 4-5 g\u00fcnl\u00fck dinlenme d\u00f6nemini takiben g\u00fcnl\u00fck hayatlar\u0131na d\u00f6nmektedirler. Ameliyatta kendili\u011finden eriyen diki\u015fler kulland\u0131\u011f\u0131m\u0131z i\u00e7in diki\u015f ald\u0131rma sorunu yoktur, ameliyat sonras\u0131 3-4 haftal\u0131k s\u00fcre boyunca cinsel perhiz vard\u0131r, sonras\u0131nda hastalar yeni cinsel hayatlar\u0131na ba\u015flayabilirler. Vajina daraltma operasyonu sonu\u00e7lar\u0131 hem erkek hem kad\u0131n a\u00e7\u0131s\u0131ndan olduk\u00e7a memnuniyet vericidir.<\/p>\n<p><strong>Do\u011fum Diki\u015f \u0130zlerinin \u00c7\u0131kart\u0131lmas\u0131<\/strong><\/p>\n<p>Normal vajinal do\u011fum esnas\u0131nda a\u00e7\u0131lan epizyotominin k\u00f6t\u00fc iyile\u015fmesi ya da a\u00e7\u0131k kalmas\u0131 vajina kenar\u0131ndan d\u0131\u015fa do\u011fru sert ve \u015fekilsiz bir g\u00f6r\u00fcnt\u00fcye neden olur. Bu sert nedbe dokusu genellikle hastan\u0131n eline sert ve \u015fekilsiz bir doku olarak gelir. Ayn\u0131 zamanda bu doku cinsel ili\u015fkide a\u011fr\u0131 ve cinsel tatminsizli\u011fe neden olabilir. Epizyotomi izinin d\u00fczeltilmesi i\u015flemi genel veya lokal anestezi ile yap\u0131l\u0131r, operasyon genellikle 30 dakika kadar s\u00fcrer, var olan nedbe dokusu \u00e7\u0131kart\u0131l\u0131r ve yara yerinde reaksiyona neden olmayan diki\u015f materyalleri ile yeniden estetik olarak dikilir, ayn\u0131 esnada do\u011fumlara ba\u011fl\u0131 olarak geli\u015fen vajina y\u0131rt\u0131klar\u0131 da d\u00fczeltilebilir.<\/p>\n<p>Operasyon sonras\u0131 hastalar\u0131m\u0131z ayn\u0131 g\u00fcn veya bir g\u00fcn sonra g\u00fcndelik ya\u015fant\u0131lar\u0131na d\u00f6nmektedirler, ortalama 10 g\u00fcn sonra kontrol gereklidir.<\/p>\n<p><strong>Sayfa i\u00e7eri\u011fi sadece bilgilendirme ama\u00e7l\u0131d\u0131r, tan\u0131 ve tedavi i\u00e7in mutlaka doktorunuza ba\u015fvurunuz.<\/strong><\/p>\n<p><strong>\u0130\u00e7erik G\u00fcncelleme Tarihi : 26.12.2022<\/strong>[\/vc_column_text][\/vc_column][\/vc_row]<\/p>\n<\/section>","protected":false},"excerpt":{"rendered":"<p>[vc_row][vc_column][vc_column_text]Kad\u0131nlar\u0131n cinsel organ esteti\u011fi ile ilgili s\u0131k olarak yak\u0131nd\u0131klar\u0131 iki sorundan birisi vajinal geni\u015flik, di\u011feri i\u00e7 dudaklar\u0131n b\u00fcy\u00fckl\u00fc\u011f\u00fcne ba\u011fl\u0131 sark\u0131k g\u00f6r\u00fcn\u00fcmd\u00fcr. Cinsellikte e\u015flerden birinin memnuniyetsizli\u011fi ikisinin sorunu haline gelir ve ili\u015fki kalitesini bozar. Ki\u015finin kendine duydu\u011fu \u00f6zg\u00fcven sa\u011fl\u0131kl\u0131 bir ili\u015fkinin en temel noktas\u0131d\u0131r. Bu sebeplerden \u00f6t\u00fcr\u00fc cinsel organ esteti\u011fi san\u0131landan daha \u00f6nemlidir. Cinsel organ\u0131n estetik&hellip;<\/p>\n","protected":false},"author":1,"featured_media":0,"parent":0,"menu_order":0,"comment_status":"closed","ping_status":"closed","template":"","meta":[],"_links":{"self":[{"href":"https:\/\/drsunaozdemir.com\/en\/wp-json\/wp\/v2\/pages\/2011"}],"collection":[{"href":"https:\/\/drsunaozdemir.com\/en\/wp-json\/wp\/v2\/pages"}],"about":[{"href":"https:\/\/drsunaozdemir.com\/en\/wp-json\/wp\/v2\/types\/page"}],"author":[{"embeddable":true,"href":"https:\/\/drsunaozdemir.com\/en\/wp-json\/wp\/v2\/users\/1"}],"replies":[{"embeddable":true,"href":"https:\/\/drsunaozdemir.com\/en\/wp-json\/wp\/v2\/comments?post=2011"}],"version-history":[{"count":1,"href":"https:\/\/drsunaozdemir.com\/en\/wp-json\/wp\/v2\/pages\/2011\/revisions"}],"predecessor-version":[{"id":2012,"href":"https:\/\/drsunaozdemir.com\/en\/wp-json\/wp\/v2\/pages\/2011\/revisions\/2012"}],"wp:attachment":[{"href":"https:\/\/drsunaozdemir.com\/en\/wp-json\/wp\/v2\/media?parent=2011"}],"curies":[{"name":"wp","href":"https:\/\/api.w.org\/{rel}","templated":true}]}}