{"id":1930,"date":"2023-09-11T20:43:28","date_gmt":"2023-09-11T17:43:28","guid":{"rendered":"https:\/\/drsunaozdemir.com\/en\/?page_id=1930"},"modified":"2023-09-11T23:32:12","modified_gmt":"2023-09-11T20:32:12","slug":"my-tasks","status":"publish","type":"page","link":"https:\/\/drsunaozdemir.com\/en\/about-us\/my-tasks\/","title":{"rendered":"My Tasks"},"content":{"rendered":"<section class=\"wpb-content-wrapper\"><p>[vc_row][vc_column][vc_column_text]Kad\u0131n Hastal\u0131klar\u0131 ve Do\u011fum<\/p>\n<p>\u00d6\u011eREN\u0130M DURUMU<\/p>\n<p>Lisans-Y. Lisans, Cerrahpa\u015fa T\u0131p Fak\u00fcltesi (\u0130ngilizce T\u0131p), \u0130stanbul \u00dcniversitesi, 1992-1999<\/p>\n<p>T\u0131pta Uzmanl\u0131k, Bak\u0131rk\u00f6y Kad\u0131n Do\u011fum ve \u00c7ocuk Hastal\u0131klar\u0131. E\u011fitim ve Ara\u015ft\u0131rma Hastanesi, Sa\u011fl\u0131k Bakanl\u0131\u011f\u0131, 1999\u20132004<\/p>\n<p>B\u0130L\u0130MSEL VE MESLEK\u0130 KURULU\u015eLARA \u00dcYEL\u0130KLER<\/p>\n<p>\u0130stanbul Tabip Odas\u0131<\/p>\n<p>T\u00fcrk Jinekoloji ve Obstetrik Derne\u011fi<\/p>\n<p>T\u00fcrk Jinekolojik Onkoloji Derne\u011fi<\/p>\n<p>T\u00fcrk Alman Jinekoloji Derne\u011fi<\/p>\n<p>Servikal patolojiler ve Kolposkopi Derne\u011fi<\/p>\n<p>Bak\u0131rk\u00f6y Kad\u0131n Do\u011fum ve \u00c7ocuk Hastal\u0131klar\u0131. E\u011fitim ve Ara\u015ft\u0131rma Hastanesi, 1999\u20132004, Dr.Ar. G\u00f6r.<\/p>\n<p>Konya E\u011fitim ve Ara\u015ft\u0131rma Hastanesi, 2004-2006, Uzman Dr.<\/p>\n<p>Meram T\u0131p Fak\u00fcltesi, Sel\u00e7uk \u00dcniversitesi, 2006\u20132009, Yar. Do\u00e7.Dr.<\/p>\n<p>Sel\u00e7uklu T\u0131p Fak\u00fcltesi, Sel\u00e7uk \u00dcniversitesi, 2009-2010, Yar. Do\u00e7.Dr.<\/p>\n<p>Bezmialem Vak\u0131f \u00dcniversitesi T\u0131p Fak\u00fcltesi, 2010-2012, Yrd \/Do\u00e7 Dr.<\/p>\n<p>Medipol T\u0131p Fak\u00fcltesi, Medipol \u00dcniversitesi, 2012-2017, Do\u00e7 Dr.<\/p>\n<p>Medipol T\u0131p Fak\u00fcltesi, Medipol \u00dcniversitesi, 2018-2019, Prof Dr.[\/vc_column_text][\/vc_column][\/vc_row]<\/p>\n<\/section>","protected":false},"excerpt":{"rendered":"<p>[vc_row][vc_column][vc_column_text]Kad\u0131n Hastal\u0131klar\u0131 ve Do\u011fum \u00d6\u011eREN\u0130M DURUMU Lisans-Y. Lisans, Cerrahpa\u015fa T\u0131p Fak\u00fcltesi (\u0130ngilizce T\u0131p), \u0130stanbul \u00dcniversitesi, 1992-1999 T\u0131pta Uzmanl\u0131k, Bak\u0131rk\u00f6y Kad\u0131n Do\u011fum ve \u00c7ocuk Hastal\u0131klar\u0131. E\u011fitim ve Ara\u015ft\u0131rma Hastanesi, Sa\u011fl\u0131k Bakanl\u0131\u011f\u0131, 1999\u20132004 B\u0130L\u0130MSEL VE MESLEK\u0130 KURULU\u015eLARA \u00dcYEL\u0130KLER \u0130stanbul Tabip Odas\u0131 T\u00fcrk Jinekoloji ve Obstetrik Derne\u011fi T\u00fcrk Jinekolojik Onkoloji Derne\u011fi T\u00fcrk Alman Jinekoloji Derne\u011fi Servikal patolojiler ve&hellip;<\/p>\n","protected":false},"author":1,"featured_media":0,"parent":1924,"menu_order":0,"comment_status":"closed","ping_status":"closed","template":"","meta":[],"_links":{"self":[{"href":"https:\/\/drsunaozdemir.com\/en\/wp-json\/wp\/v2\/pages\/1930"}],"collection":[{"href":"https:\/\/drsunaozdemir.com\/en\/wp-json\/wp\/v2\/pages"}],"about":[{"href":"https:\/\/drsunaozdemir.com\/en\/wp-json\/wp\/v2\/types\/page"}],"author":[{"embeddable":true,"href":"https:\/\/drsunaozdemir.com\/en\/wp-json\/wp\/v2\/users\/1"}],"replies":[{"embeddable":true,"href":"https:\/\/drsunaozdemir.com\/en\/wp-json\/wp\/v2\/comments?post=1930"}],"version-history":[{"count":2,"href":"https:\/\/drsunaozdemir.com\/en\/wp-json\/wp\/v2\/pages\/1930\/revisions"}],"predecessor-version":[{"id":2037,"href":"https:\/\/drsunaozdemir.com\/en\/wp-json\/wp\/v2\/pages\/1930\/revisions\/2037"}],"up":[{"embeddable":true,"href":"https:\/\/drsunaozdemir.com\/en\/wp-json\/wp\/v2\/pages\/1924"}],"wp:attachment":[{"href":"https:\/\/drsunaozdemir.com\/en\/wp-json\/wp\/v2\/media?parent=1930"}],"curies":[{"name":"wp","href":"https:\/\/api.w.org\/{rel}","templated":true}]}}