{"id":1924,"date":"2023-09-11T20:23:28","date_gmt":"2023-09-11T17:23:28","guid":{"rendered":"https:\/\/drsunaozdemir.com\/en\/?page_id=1924"},"modified":"2023-09-11T23:09:36","modified_gmt":"2023-09-11T20:09:36","slug":"about-us","status":"publish","type":"page","link":"https:\/\/drsunaozdemir.com\/en\/about-us\/","title":{"rendered":"About-us"},"content":{"rendered":"<section class=\"wpb-content-wrapper\"><p>[vc_row][vc_column][vc_column_text]Prof Dr Suna \u00d6zdemir was born in Kahramanmara\u015f in 1975. He completed his high school education at Af\u015fin High School and graduated from Cerrahpa\u015fa Faculty of Medicine (English) in 1999. He completed his specialization in Gynecology and Obstetrics at SSK Bak\u0131rk\u00f6y Gynecology and Maternity Hospital in 2004. Dr. \u00d6zdemir worked as a specialist doctor at Konya Training and Research Hospital in 2004-2006, as an assistant professor at Sel\u00e7uk University Meram Faculty of Medicine in 2006-2009, and as an assistant professor at Sel\u00e7uklu Faculty of Medicine in 2009-2010. He received the title of associate professor at Bezmialem Vak\u0131f University in 2012. In the same year, he received the title of Gynecological Oncology Surgery specialist. Between 2012 and 2019, she worked as a clinical manager in the Department of Gynecology and Obstetrics at Medipol University. Dr. \u00d6zdemir was appointed to the position of professor in 2018. He has trained many assistants in these clinics and has many articles and presentations published in domestic and international journals. There is advanced laparoscopy experience in gynecological surgery. He has performed and trained many gynecological laparoscopic and hysteroscopic procedures. Dr. Suna \u00d6zdemir&#8217;s interests are; gynecological oncological surgery, laparoscopic and hysteroscopic surgery, colposcopic examination, urogynecological surgery (uterine prolapse and urinary incontinence), insemination and infertility treatments, benign gynecological surgery (myoma and ovarian cysts), pregnancy follow-up and birth. Dr. \u00d6zdemir is married and the mother of two children. He has performed and trained many gynecological laparoscopic and hysteroscopic procedures. Dr. Suna \u00d6zdemir&#8217;s interests are; gynecological oncological surgery, laparoscopic and hysteroscopic surgery, colposcopic examination, urogynecological surgery (uterine prolapse and urinary incontinence), insemination and infertility treatments, benign gynecological surgery (myoma and ovarian cysts), pregnancy follow-up and birth. Dr. \u00d6zdemir is married and the mother of two children. He has performed and trained many gynecological laparoscopic and hysteroscopic procedures. Dr. Suna \u00d6zdemir&#8217;s interests are; gynecological oncological surgery, laparoscopic and hysteroscopic surgery, colposcopic examination, urogynecological surgery (uterine prolapse and urinary incontinence), insemination and infertility treatments, benign gynecological surgery (myoma and ovarian cysts), pregnancy follow-up and birth. Dr. \u00d6zdemir is married and the mother of two children.<\/p>\n<p><strong>ACADEMIC TITLES<\/strong><br \/>\nAssistant Professor Date: 2006<br \/>\nGynecological Oncology Subspecialty: 2012<br \/>\nAssociate Professor Date: 2012<br \/>\nProfessorship Date: 2018[\/vc_column_text][\/vc_column][\/vc_row]<\/p>\n<\/section>","protected":false},"excerpt":{"rendered":"<p>[vc_row][vc_column][vc_column_text]Prof Dr Suna \u00d6zdemir was born in Kahramanmara\u015f in 1975. He completed his high school education at Af\u015fin High School and graduated from Cerrahpa\u015fa Faculty of Medicine (English) in 1999. He completed his specialization in Gynecology and Obstetrics at SSK Bak\u0131rk\u00f6y Gynecology and Maternity Hospital in 2004. Dr. \u00d6zdemir worked as a specialist doctor at&hellip;<\/p>\n","protected":false},"author":1,"featured_media":0,"parent":0,"menu_order":0,"comment_status":"closed","ping_status":"closed","template":"","meta":[],"_links":{"self":[{"href":"https:\/\/drsunaozdemir.com\/en\/wp-json\/wp\/v2\/pages\/1924"}],"collection":[{"href":"https:\/\/drsunaozdemir.com\/en\/wp-json\/wp\/v2\/pages"}],"about":[{"href":"https:\/\/drsunaozdemir.com\/en\/wp-json\/wp\/v2\/types\/page"}],"author":[{"embeddable":true,"href":"https:\/\/drsunaozdemir.com\/en\/wp-json\/wp\/v2\/users\/1"}],"replies":[{"embeddable":true,"href":"https:\/\/drsunaozdemir.com\/en\/wp-json\/wp\/v2\/comments?post=1924"}],"version-history":[{"count":2,"href":"https:\/\/drsunaozdemir.com\/en\/wp-json\/wp\/v2\/pages\/1924\/revisions"}],"predecessor-version":[{"id":2029,"href":"https:\/\/drsunaozdemir.com\/en\/wp-json\/wp\/v2\/pages\/1924\/revisions\/2029"}],"wp:attachment":[{"href":"https:\/\/drsunaozdemir.com\/en\/wp-json\/wp\/v2\/media?parent=1924"}],"curies":[{"name":"wp","href":"https:\/\/api.w.org\/{rel}","templated":true}]}}